{"id":2904,"date":"2023-07-17T01:09:13","date_gmt":"2023-07-16T23:09:13","guid":{"rendered":"https:\/\/jokkooconsulting.com\/?page_id=2904"},"modified":"2023-08-16T14:55:01","modified_gmt":"2023-08-16T12:55:01","slug":"presentation","status":"publish","type":"page","link":"https:\/\/jokkooconsulting.com\/index.php\/presentation\/","title":{"rendered":"Pr\u00e9sentation"},"content":{"rendered":"\n<h2 class=\"wp-block-heading\">Pr\u00e9sentation de Jokkoo Consulting<\/h2>\n\n\n\n<p><strong>JOKKOO<\/strong> est une organisation cr\u00e9\u00e9e \u00e0 Dakar en 2002. Elle est n\u00e9e de la volont\u00e9 de cadres engag\u00e9s \u00e0 mutualiser leurs comp\u00e9tences pour contribuer au d\u00e9veloppement \u00e9conomique, social et culturel des communaut\u00e9s de base au S\u00e9n\u00e9gal et dans la sous-r\u00e9gion ouest-africaine. Ses principales exp\u00e9riences portent sur les th\u00e9matiques de la sant\u00e9, l\u2019assainissement, l\u2019hygi\u00e8ne, l\u2019agriculture biologique, la formation professionnelle, la production de film, l\u2019environnement et du d\u00e9veloppement durable dans son sens le plus global.<\/p>\n\n\n\n<p><strong>COLLABORATION AVEC PMF\/FEM <\/strong>:<\/p>\n\n\n\n<p>Depuis dix (10) ans, JOKKOO collabore avec le <strong>Fonds pour l\u2019environnement mondial (FEM)<\/strong>, au S\u00e9n\u00e9gal, dans le soutien aux peuples autochtones \u00e0 travers la mise \u0153uvre de projets visant leur visibilit\u00e9 et la valorisation de leur contribution dans la conservation des ressources naturelles. Il s\u2019agit des trois (3) actions suivantes&nbsp;:<\/p>\n\n\n\n<p><strong>Evaluation du Programme de micro financement du Fonds pour l\u2019Environnement Mondial (PMF\/PNUD) S\u00e9n\u00e9gal.<\/strong> <strong>Initiative communautaire pour l\u2019eau et l\u2019assainissement (ICEA) S\u00e9n\u00e9gal\u00bb<\/strong>. <strong>2007-2010<\/strong>. Commandit\u00e9e par le PNUD, la mission d\u2019\u00e9valuation a permis \u00e0 JOKKOO de mettre en \u00e9vidence la contribution des peuples autochtones dans la gouvernance de l\u2019eau et de l\u2019assainissement \u00e0 travers la production de trois cat\u00e9gories de livrables&nbsp;: un rapport d\u2019\u00e9valuation, un film documentaire et des supports promotionnels, en 2013<\/p>\n\n\n\n<p><strong>Projet de participation des communaut\u00e9s de l\u2019APAC Low\u00e9 \u00e0 la riposte anti-COVID 19 par la transmission des connaissances traditionnelles m\u00e9dicales.<\/strong> <strong>(<\/strong>Projet SEN\/SGP\/0P7\/Y1\/ICCA-GSI-COVID\/2021\/01 <strong>&#8211; PMF\/FEM S\u00e9n\u00e9gal- ICCA-GS1-PHASE 2)<\/strong>. Mis en \u0153uvre en 2021-2022 au niveau de l\u2019APAC de Diallocounda (S\u00e9dhiou, Casamance), le projet a permis \u00e0 JOKKOO de concevoir un r\u00e9pertoire des plantes m\u00e9dicinales comme contribution des peuples autochtones \u00e0 la r\u00e9silience au COVID-19. Le document a \u00e9t\u00e9 largement vulgaris\u00e9 par le FEM.<\/p>\n\n\n\n<p><strong>Projet de documentation des r\u00e9sultats du PMF\/FEM dans la conservation de la biodiversit\u00e9 (<\/strong>Projet SEN\/SGP\/OP7\/Y3\/STAR\/BD\/2022\/20<strong>) <\/strong>dans trois (3) zones de concentration g\u00e9ographique&nbsp;parmi celles d\u00e9finies dans le document de Strat\u00e9gie Nationale de la Biodiversit\u00e9 : Zone du delta du Saloum, Zone de Niokolo-Casamance et Zone de Saint-Louis. Il s\u2019agit d\u2019espaces abritant des parcs nationaux, des r\u00e9serves naturelles et autres aires prot\u00e9g\u00e9es.<\/p>\n\n\n\n<p>Le projet consiste \u00e0 renforcer et soutenir les initiatives communautaires port\u00e9es par les peuples autochtones, dans la biodiversit\u00e9. Il permettra de promouvoir la contribution des communaut\u00e9s locales dans la conservation de la biodiversit\u00e9 et d\u2019\u00e9tablir le lien entre le patrimoine culturel et la conservation des \u00e9cosyst\u00e8mes. JOKKOO et le FEM collaborent avec BIOPAMA dans cette initiative. D\u00e9marr\u00e9e enjanvier 2023, l\u2019intervention prendra fin en avril 2024 avec la production et la vulgarisation d\u2019un document et plusieurs films de capitalisation.<\/p>\n\n\n\n<p><\/p>\n\n\n\n<p><strong>VISION DE JOKKOO CONSULTING<\/strong>:<\/p>\n\n\n\n<p>A l\u2019horizon 2030, JOKKOO est une organisation de r\u00e9f\u00e9rence en mati\u00e8re de d\u00e9veloppement durable (biodiversit\u00e9, environnement, \u00e9ducation), d\u2019\u00e9valuation, de formation et de r\u00e9alisation de films au S\u00e9n\u00e9gal&nbsp;et \u00e0 l\u2019international.<\/p>\n\n\n\n<p><strong>MISSION DE JOKKOO CONSULTING.<\/strong><\/p>\n\n\n\n<p>Contribuer au d\u00e9veloppement \u00e9conomique, social, environnemental et culturel des communaut\u00e9s de base au S\u00e9n\u00e9gal et dans la sous-r\u00e9gion ouest-africaine, \u00e0 travers l\u2019\u00e9tude, l\u2019accompagnement, le renforcement des comp\u00e9tences et la mise en synergie.<\/p>\n\n\n\n<p><strong>AXES STRATEGIQUES<\/strong><\/p>\n\n\n\n<ul class=\"wp-block-list\">\n<li>Elaboration et Evaluation de projets, Audit des organisations<\/li>\n\n\n\n<li>Capitalisation de r\u00e9sultats et processus<\/li>\n\n\n\n<li>Renforcement de capacit\u00e9, accompagnement des acteurs<\/li>\n\n\n\n<li>Production et r\u00e9alisation de film de cin\u00e9ma,<\/li>\n\n\n\n<li>Organisation de projection de film en plein air,<\/li>\n\n\n\n<li>Organisation d\u2019\u00e9v\u00e9nementiel, s\u00e9minaire, rencontre.<\/li>\n\n\n\n<li>Promotion de l\u2019environnement, biodiversit\u00e9<\/li>\n\n\n\n<li>Accompagnement, suivi des projets de d\u00e9veloppement<\/li>\n\n\n\n<li>Etablissement de programme d\u2019investissement,<\/li>\n\n\n\n<li>Elaboration de dossiers p\u00e9dagogiques,<\/li>\n<\/ul>\n\n\n\n<p><strong>PRINCIPALES THEMATIQUES :<\/strong><\/p>\n\n\n\n<ul class=\"wp-block-list\">\n<li>Environnement, Biodiversit\u00e9<\/li>\n\n\n\n<li>Genre et d\u00e9veloppement humain,<\/li>\n\n\n\n<li>Dimension culturelle dans le d\u00e9veloppement<\/li>\n\n\n\n<li>D\u00e9veloppement durable<\/li>\n\n\n\n<li>Education des jeunes<\/li>\n\n\n\n<li>Education inclusive<\/li>\n\n\n\n<li>Entrepreneuriat et l\u2019insertion<\/li>\n\n\n\n<li>D\u00e9veloppement institutionnel<\/li>\n\n\n\n<li>Microfinance,<\/li>\n\n\n\n<li>Sant\u00e9&nbsp;: lutte contre le Sida, Covid,<\/li>\n\n\n\n<li>M\u00e9decine par les plantes<\/li>\n\n\n\n<li>Les Objectifs de D\u00e9veloppement durables (ODD)<\/li>\n<\/ul>\n\n\n\n<p><strong>VALEURS ESSENTIELLES DE JOKKOO<\/strong><\/p>\n\n\n\n<ul class=\"wp-block-list\">\n<li>Professionnalisme<\/li>\n\n\n\n<li>Engagement<\/li>\n\n\n\n<li>Rigueur<\/li>\n\n\n\n<li>Sinc\u00e9rit\u00e9<\/li>\n\n\n\n<li>Confiance<\/li>\n<\/ul>\n\n\n\n<p><\/p>\n","protected":false},"excerpt":{"rendered":"<p>Pr\u00e9sentation de Jokkoo Consulting JOKKOO est une organisation cr\u00e9\u00e9e \u00e0 Dakar en 2002. Elle est n\u00e9e de la volont\u00e9 de cadres engag\u00e9s \u00e0 mutualiser leurs comp\u00e9tences pour contribuer au d\u00e9veloppement \u00e9conomique, social et culturel des communaut\u00e9s de base au S\u00e9n\u00e9gal et dans la sous-r\u00e9gion ouest-africaine. Ses principales exp\u00e9riences portent sur les th\u00e9matiques de la sant\u00e9, l\u2019assainissement, l\u2019hygi\u00e8ne, l\u2019agriculture biologique, la formation professionnelle, la production de film, l\u2019environnement et du d\u00e9veloppement durable dans son sens le plus global. COLLABORATION AVEC PMF\/FEM : Depuis dix (10) ans, JOKKOO collabore avec le Fonds pour l\u2019environnement mondial (FEM), au S\u00e9n\u00e9gal, dans le soutien aux peuples autochtones \u00e0 travers la mise \u0153uvre de projets visant leur visibilit\u00e9 et la valorisation de leur contribution dans la conservation des ressources naturelles. Il s\u2019agit des trois (3) actions suivantes&nbsp;: Evaluation du Programme de micro financement du Fonds pour l\u2019Environnement Mondial (PMF\/PNUD) S\u00e9n\u00e9gal. Initiative communautaire pour l\u2019eau et l\u2019assainissement&hellip;<\/p>\n<p> <a class=\"more-link\" href=\"https:\/\/jokkooconsulting.com\/index.php\/presentation\/\">Read more<\/a><\/p>\n","protected":false},"author":1,"featured_media":0,"parent":0,"menu_order":0,"comment_status":"closed","ping_status":"closed","template":"","meta":{"footnotes":""},"class_list":["post-2904","page","type-page","status-publish"],"yoast_head":"<!-- This site is optimized with the Yoast SEO plugin v21.7 - https:\/\/yoast.com\/wordpress\/plugins\/seo\/ -->\n<title>Pr\u00e9sentation - Jokkoo Consulting<\/title>\n<meta name=\"robots\" content=\"index, follow, max-snippet:-1, max-image-preview:large, max-video-preview:-1\" \/>\n<link rel=\"canonical\" href=\"https:\/\/jokkooconsulting.com\/index.php\/presentation\/\" \/>\n<meta property=\"og:locale\" content=\"en_US\" \/>\n<meta property=\"og:type\" content=\"article\" \/>\n<meta property=\"og:title\" content=\"Pr\u00e9sentation - Jokkoo Consulting\" \/>\n<meta property=\"og:description\" content=\"Pr\u00e9sentation de Jokkoo Consulting JOKKOO est une organisation cr\u00e9\u00e9e \u00e0 Dakar en 2002. Elle est n\u00e9e de la volont\u00e9 de cadres engag\u00e9s \u00e0 mutualiser leurs comp\u00e9tences pour contribuer au d\u00e9veloppement \u00e9conomique, social et culturel des communaut\u00e9s de base au S\u00e9n\u00e9gal et dans la sous-r\u00e9gion ouest-africaine. Ses principales exp\u00e9riences portent sur les th\u00e9matiques de la sant\u00e9, l\u2019assainissement, l\u2019hygi\u00e8ne, l\u2019agriculture biologique, la formation professionnelle, la production de film, l\u2019environnement et du d\u00e9veloppement durable dans son sens le plus global. COLLABORATION AVEC PMF\/FEM : Depuis dix (10) ans, JOKKOO collabore avec le Fonds pour l\u2019environnement mondial (FEM), au S\u00e9n\u00e9gal, dans le soutien aux peuples autochtones \u00e0 travers la mise \u0153uvre de projets visant leur visibilit\u00e9 et la valorisation de leur contribution dans la conservation des ressources naturelles. Il s\u2019agit des trois (3) actions suivantes&nbsp;: Evaluation du Programme de micro financement du Fonds pour l\u2019Environnement Mondial (PMF\/PNUD) S\u00e9n\u00e9gal. Initiative communautaire pour l\u2019eau et l\u2019assainissement&hellip;  Read more\" \/>\n<meta property=\"og:url\" content=\"https:\/\/jokkooconsulting.com\/index.php\/presentation\/\" \/>\n<meta property=\"og:site_name\" content=\"Jokkoo Consulting\" \/>\n<meta property=\"article:modified_time\" content=\"2023-08-16T12:55:01+00:00\" \/>\n<meta name=\"twitter:card\" content=\"summary_large_image\" \/>\n<meta name=\"twitter:label1\" content=\"Est. reading time\" \/>\n\t<meta name=\"twitter:data1\" content=\"3 minutes\" \/>\n<script type=\"application\/ld+json\" class=\"yoast-schema-graph\">{\"@context\":\"https:\/\/schema.org\",\"@graph\":[{\"@type\":\"WebPage\",\"@id\":\"https:\/\/jokkooconsulting.com\/index.php\/presentation\/\",\"url\":\"https:\/\/jokkooconsulting.com\/index.php\/presentation\/\",\"name\":\"Pr\u00e9sentation - Jokkoo Consulting\",\"isPartOf\":{\"@id\":\"https:\/\/jokkooconsulting.com\/#website\"},\"datePublished\":\"2023-07-16T23:09:13+00:00\",\"dateModified\":\"2023-08-16T12:55:01+00:00\",\"breadcrumb\":{\"@id\":\"https:\/\/jokkooconsulting.com\/index.php\/presentation\/#breadcrumb\"},\"inLanguage\":\"en-US\",\"potentialAction\":[{\"@type\":\"ReadAction\",\"target\":[\"https:\/\/jokkooconsulting.com\/index.php\/presentation\/\"]}]},{\"@type\":\"BreadcrumbList\",\"@id\":\"https:\/\/jokkooconsulting.com\/index.php\/presentation\/#breadcrumb\",\"itemListElement\":[{\"@type\":\"ListItem\",\"position\":1,\"name\":\"Accueil\",\"item\":\"https:\/\/jokkooconsulting.com\/\"},{\"@type\":\"ListItem\",\"position\":2,\"name\":\"Pr\u00e9sentation\"}]},{\"@type\":\"WebSite\",\"@id\":\"https:\/\/jokkooconsulting.com\/#website\",\"url\":\"https:\/\/jokkooconsulting.com\/\",\"name\":\"Jokkoo Consulting\",\"description\":\"\",\"publisher\":{\"@id\":\"https:\/\/jokkooconsulting.com\/#organization\"},\"potentialAction\":[{\"@type\":\"SearchAction\",\"target\":{\"@type\":\"EntryPoint\",\"urlTemplate\":\"https:\/\/jokkooconsulting.com\/?s={search_term_string}\"},\"query-input\":\"required name=search_term_string\"}],\"inLanguage\":\"en-US\"},{\"@type\":\"Organization\",\"@id\":\"https:\/\/jokkooconsulting.com\/#organization\",\"name\":\"Jokkoo Consulting\",\"url\":\"https:\/\/jokkooconsulting.com\/\",\"logo\":{\"@type\":\"ImageObject\",\"inLanguage\":\"en-US\",\"@id\":\"https:\/\/jokkooconsulting.com\/#\/schema\/logo\/image\/\",\"url\":\"https:\/\/jokkooconsulting.com\/wp-content\/uploads\/2023\/07\/Jokkoo-consulting-logo_Plan-de-travail-1-Copie.png\",\"contentUrl\":\"https:\/\/jokkooconsulting.com\/wp-content\/uploads\/2023\/07\/Jokkoo-consulting-logo_Plan-de-travail-1-Copie.png\",\"width\":3624,\"height\":1171,\"caption\":\"Jokkoo Consulting\"},\"image\":{\"@id\":\"https:\/\/jokkooconsulting.com\/#\/schema\/logo\/image\/\"}}]}<\/script>\n<!-- \/ Yoast SEO plugin. -->","yoast_head_json":{"title":"Pr\u00e9sentation - Jokkoo Consulting","robots":{"index":"index","follow":"follow","max-snippet":"max-snippet:-1","max-image-preview":"max-image-preview:large","max-video-preview":"max-video-preview:-1"},"canonical":"https:\/\/jokkooconsulting.com\/index.php\/presentation\/","og_locale":"en_US","og_type":"article","og_title":"Pr\u00e9sentation - Jokkoo Consulting","og_description":"Pr\u00e9sentation de Jokkoo Consulting JOKKOO est une organisation cr\u00e9\u00e9e \u00e0 Dakar en 2002. Elle est n\u00e9e de la volont\u00e9 de cadres engag\u00e9s \u00e0 mutualiser leurs comp\u00e9tences pour contribuer au d\u00e9veloppement \u00e9conomique, social et culturel des communaut\u00e9s de base au S\u00e9n\u00e9gal et dans la sous-r\u00e9gion ouest-africaine. Ses principales exp\u00e9riences portent sur les th\u00e9matiques de la sant\u00e9, l\u2019assainissement, l\u2019hygi\u00e8ne, l\u2019agriculture biologique, la formation professionnelle, la production de film, l\u2019environnement et du d\u00e9veloppement durable dans son sens le plus global. COLLABORATION AVEC PMF\/FEM : Depuis dix (10) ans, JOKKOO collabore avec le Fonds pour l\u2019environnement mondial (FEM), au S\u00e9n\u00e9gal, dans le soutien aux peuples autochtones \u00e0 travers la mise \u0153uvre de projets visant leur visibilit\u00e9 et la valorisation de leur contribution dans la conservation des ressources naturelles. Il s\u2019agit des trois (3) actions suivantes&nbsp;: Evaluation du Programme de micro financement du Fonds pour l\u2019Environnement Mondial (PMF\/PNUD) S\u00e9n\u00e9gal. Initiative communautaire pour l\u2019eau et l\u2019assainissement&hellip;  Read more","og_url":"https:\/\/jokkooconsulting.com\/index.php\/presentation\/","og_site_name":"Jokkoo Consulting","article_modified_time":"2023-08-16T12:55:01+00:00","twitter_card":"summary_large_image","twitter_misc":{"Est. reading time":"3 minutes"},"schema":{"@context":"https:\/\/schema.org","@graph":[{"@type":"WebPage","@id":"https:\/\/jokkooconsulting.com\/index.php\/presentation\/","url":"https:\/\/jokkooconsulting.com\/index.php\/presentation\/","name":"Pr\u00e9sentation - Jokkoo Consulting","isPartOf":{"@id":"https:\/\/jokkooconsulting.com\/#website"},"datePublished":"2023-07-16T23:09:13+00:00","dateModified":"2023-08-16T12:55:01+00:00","breadcrumb":{"@id":"https:\/\/jokkooconsulting.com\/index.php\/presentation\/#breadcrumb"},"inLanguage":"en-US","potentialAction":[{"@type":"ReadAction","target":["https:\/\/jokkooconsulting.com\/index.php\/presentation\/"]}]},{"@type":"BreadcrumbList","@id":"https:\/\/jokkooconsulting.com\/index.php\/presentation\/#breadcrumb","itemListElement":[{"@type":"ListItem","position":1,"name":"Accueil","item":"https:\/\/jokkooconsulting.com\/"},{"@type":"ListItem","position":2,"name":"Pr\u00e9sentation"}]},{"@type":"WebSite","@id":"https:\/\/jokkooconsulting.com\/#website","url":"https:\/\/jokkooconsulting.com\/","name":"Jokkoo Consulting","description":"","publisher":{"@id":"https:\/\/jokkooconsulting.com\/#organization"},"potentialAction":[{"@type":"SearchAction","target":{"@type":"EntryPoint","urlTemplate":"https:\/\/jokkooconsulting.com\/?s={search_term_string}"},"query-input":"required name=search_term_string"}],"inLanguage":"en-US"},{"@type":"Organization","@id":"https:\/\/jokkooconsulting.com\/#organization","name":"Jokkoo Consulting","url":"https:\/\/jokkooconsulting.com\/","logo":{"@type":"ImageObject","inLanguage":"en-US","@id":"https:\/\/jokkooconsulting.com\/#\/schema\/logo\/image\/","url":"https:\/\/jokkooconsulting.com\/wp-content\/uploads\/2023\/07\/Jokkoo-consulting-logo_Plan-de-travail-1-Copie.png","contentUrl":"https:\/\/jokkooconsulting.com\/wp-content\/uploads\/2023\/07\/Jokkoo-consulting-logo_Plan-de-travail-1-Copie.png","width":3624,"height":1171,"caption":"Jokkoo Consulting"},"image":{"@id":"https:\/\/jokkooconsulting.com\/#\/schema\/logo\/image\/"}}]}},"featured_image_src":false,"featured_image_src_square":false,"rbea_author_info":{"display_name":"Jokkoo","author_link":"https:\/\/jokkooconsulting.com\/index.php\/author\/jokkoo\/"},"rbea_excerpt_info":"Pr\u00e9sentation de Jokkoo Consulting JOKKOO est une organisation cr\u00e9\u00e9e \u00e0 Dakar en 2002. Elle est n\u00e9e de la volont\u00e9 de cadres engag\u00e9s \u00e0 mutualiser leurs comp\u00e9tences pour contribuer au d\u00e9veloppement \u00e9conomique, social et culturel des communaut\u00e9s de base au S\u00e9n\u00e9gal et dans la sous-r\u00e9gion ouest-africaine. Ses principales exp\u00e9riences portent sur les th\u00e9matiques de la sant\u00e9, l\u2019assainissement, l\u2019hygi\u00e8ne, l\u2019agriculture biologique, la formation professionnelle, la production de film, l\u2019environnement et du d\u00e9veloppement durable dans son sens le plus global. COLLABORATION AVEC PMF\/FEM : Depuis dix (10) ans, JOKKOO collabore avec le Fonds pour l\u2019environnement mondial (FEM), au S\u00e9n\u00e9gal, dans le soutien aux peuples autochtones \u00e0 travers la mise \u0153uvre de projets visant leur visibilit\u00e9 et la valorisation de leur contribution dans la conservation des ressources naturelles. Il s\u2019agit des trois (3) actions suivantes&nbsp;: Evaluation du Programme de micro financement du Fonds pour l\u2019Environnement Mondial (PMF\/PNUD) S\u00e9n\u00e9gal. Initiative communautaire pour l\u2019eau et l\u2019assainissement&hellip;\r\n <p> <a class=\"more-link\" href=\"https:\/\/jokkooconsulting.com\/index.php\/presentation\/\">Read more<\/a><\/p>","_links":{"self":[{"href":"https:\/\/jokkooconsulting.com\/index.php\/wp-json\/wp\/v2\/pages\/2904","targetHints":{"allow":["GET"]}}],"collection":[{"href":"https:\/\/jokkooconsulting.com\/index.php\/wp-json\/wp\/v2\/pages"}],"about":[{"href":"https:\/\/jokkooconsulting.com\/index.php\/wp-json\/wp\/v2\/types\/page"}],"author":[{"embeddable":true,"href":"https:\/\/jokkooconsulting.com\/index.php\/wp-json\/wp\/v2\/users\/1"}],"replies":[{"embeddable":true,"href":"https:\/\/jokkooconsulting.com\/index.php\/wp-json\/wp\/v2\/comments?post=2904"}],"version-history":[{"count":7,"href":"https:\/\/jokkooconsulting.com\/index.php\/wp-json\/wp\/v2\/pages\/2904\/revisions"}],"predecessor-version":[{"id":3199,"href":"https:\/\/jokkooconsulting.com\/index.php\/wp-json\/wp\/v2\/pages\/2904\/revisions\/3199"}],"wp:attachment":[{"href":"https:\/\/jokkooconsulting.com\/index.php\/wp-json\/wp\/v2\/media?parent=2904"}],"curies":[{"name":"wp","href":"https:\/\/api.w.org\/{rel}","templated":true}]}}